{"id":623,"date":"2016-09-13T14:53:48","date_gmt":"2016-09-13T18:53:48","guid":{"rendered":"http:\/\/simon.wps.dev\/fr\/mortgage-professional-cost\/"},"modified":"2018-10-16T15:50:53","modified_gmt":"2018-10-16T19:50:53","slug":"mortgage-professional-cost","status":"publish","type":"page","link":"https:\/\/efeghali.ca\/fr\/mortgages\/mortgage-professional-cost\/","title":{"rendered":"QUEL EN EST LE CO\u00dbT"},"content":{"rendered":"<p>De la premi\u00e8re consultation jusqu\u2019\u00e0 la signature de votre pr\u00eat hypoth\u00e9caire, leurs services sont g\u00e9n\u00e9ralement gratuits, \u00e9tant r\u00e9mun\u00e9r\u00e9s par les pr\u00eateurs. Seuls les dossiers demandant une attention tr\u00e8s complexe, peuvent exiger certains frais de dossier.<\/p>\n","protected":false},"excerpt":{"rendered":"<p>Contrairement aux institutions financi\u00e8res, les courtiers hypoth\u00e9caires travaillent pour vous, et ce, dans votre meilleur int\u00e9r\u00eat.<\/p>\n","protected":false},"author":1,"featured_media":504,"parent":629,"menu_order":0,"comment_status":"closed","ping_status":"closed","template":"","meta":[],"yoast_head":"<!-- This site is optimized with the Yoast SEO plugin v17.1 - https:\/\/yoast.com\/wordpress\/plugins\/seo\/ -->\n<meta name=\"robots\" content=\"index, follow, max-snippet:-1, max-image-preview:large, max-video-preview:-1\" \/>\n<link rel=\"canonical\" href=\"https:\/\/efeghali.ca\/fr\/mortgages\/mortgage-professional-cost\/\" \/>\n<meta property=\"og:locale\" content=\"fr_FR\" \/>\n<meta property=\"og:type\" content=\"article\" \/>\n<meta property=\"og:title\" content=\"QUEL EN EST LE CO\u00dbT - Xperto Hypoth\u00e8ques\" \/>\n<meta property=\"og:description\" content=\"Contrairement aux institutions financi\u00e8res, les courtiers hypoth\u00e9caires travaillent pour vous, et ce, dans votre meilleur int\u00e9r\u00eat.\" \/>\n<meta property=\"og:url\" content=\"https:\/\/efeghali.ca\/fr\/mortgages\/mortgage-professional-cost\/\" \/>\n<meta property=\"og:site_name\" content=\"Xperto Hypoth\u00e8ques\" \/>\n<meta property=\"article:modified_time\" content=\"2018-10-16T19:50:53+00:00\" \/>\n<meta property=\"og:image\" content=\"https:\/\/efeghali.ca\/wp-content\/uploads\/2016\/09\/how-much-does-it-cost.jpg\" \/>\n\t<meta property=\"og:image:width\" content=\"723\" \/>\n\t<meta property=\"og:image:height\" content=\"200\" \/>\n<meta name=\"twitter:card\" content=\"summary\" \/>\n<script type=\"application\/ld+json\" class=\"yoast-schema-graph\">{\"@context\":\"https:\/\/schema.org\",\"@graph\":[{\"@type\":\"Organization\",\"@id\":\"https:\/\/efeghali.ca\/#organization\",\"name\":\"Centres Hypoth\\u00e9caires Dominion\",\"url\":\"https:\/\/efeghali.ca\/\",\"sameAs\":[],\"logo\":{\"@type\":\"ImageObject\",\"@id\":\"https:\/\/efeghali.ca\/#logo\",\"inLanguage\":\"fr-FR\",\"url\":\"http:\/\/master.wps.dlcserver.com\/wp-content\/uploads\/2017\/01\/vector_DLC1.jpg\",\"contentUrl\":\"http:\/\/master.wps.dlcserver.com\/wp-content\/uploads\/2017\/01\/vector_DLC1.jpg\",\"width\":369,\"height\":173,\"caption\":\"Centres Hypoth\\u00e9caires Dominion\"},\"image\":{\"@id\":\"https:\/\/efeghali.ca\/#logo\"}},{\"@type\":\"WebSite\",\"@id\":\"https:\/\/efeghali.ca\/#website\",\"url\":\"https:\/\/efeghali.ca\/\",\"name\":\"Xperto Hypoth\\u00e8ques\",\"description\":\"Courtier Hypoth\\u00e9caire\",\"publisher\":{\"@id\":\"https:\/\/efeghali.ca\/#organization\"},\"potentialAction\":[{\"@type\":\"SearchAction\",\"target\":{\"@type\":\"EntryPoint\",\"urlTemplate\":\"https:\/\/efeghali.ca\/?s={search_term_string}\"},\"query-input\":\"required name=search_term_string\"}],\"inLanguage\":\"fr-FR\"},{\"@type\":\"ImageObject\",\"@id\":\"https:\/\/efeghali.ca\/fr\/mortgages\/mortgage-professional-cost\/#primaryimage\",\"inLanguage\":\"fr-FR\",\"url\":\"https:\/\/efeghali.ca\/wp-content\/uploads\/2016\/09\/how-much-does-it-cost.jpg\",\"contentUrl\":\"https:\/\/efeghali.ca\/wp-content\/uploads\/2016\/09\/how-much-does-it-cost.jpg\",\"width\":723,\"height\":200},{\"@type\":\"WebPage\",\"@id\":\"https:\/\/efeghali.ca\/fr\/mortgages\/mortgage-professional-cost\/#webpage\",\"url\":\"https:\/\/efeghali.ca\/fr\/mortgages\/mortgage-professional-cost\/\",\"name\":\"QUEL EN EST LE CO\\u00dbT - Xperto Hypoth\\u00e8ques\",\"isPartOf\":{\"@id\":\"https:\/\/efeghali.ca\/#website\"},\"primaryImageOfPage\":{\"@id\":\"https:\/\/efeghali.ca\/fr\/mortgages\/mortgage-professional-cost\/#primaryimage\"},\"datePublished\":\"2016-09-13T18:53:48+00:00\",\"dateModified\":\"2018-10-16T19:50:53+00:00\",\"breadcrumb\":{\"@id\":\"https:\/\/efeghali.ca\/fr\/mortgages\/mortgage-professional-cost\/#breadcrumb\"},\"inLanguage\":\"fr-FR\",\"potentialAction\":[{\"@type\":\"ReadAction\",\"target\":[\"https:\/\/efeghali.ca\/fr\/mortgages\/mortgage-professional-cost\/\"]}]},{\"@type\":\"BreadcrumbList\",\"@id\":\"https:\/\/efeghali.ca\/fr\/mortgages\/mortgage-professional-cost\/#breadcrumb\",\"itemListElement\":[{\"@type\":\"ListItem\",\"position\":1,\"name\":\"Home\",\"item\":\"https:\/\/efeghali.ca\/fr\/\"},{\"@type\":\"ListItem\",\"position\":2,\"name\":\"Mortgages\",\"item\":\"https:\/\/efeghali.ca\/fr\/mortgages\/\"},{\"@type\":\"ListItem\",\"position\":3,\"name\":\"QUEL EN EST LE CO\\u00dbT\"}]}]}<\/script>\n<!-- \/ Yoast SEO plugin. -->","yoast_head_json":{"robots":{"index":"index","follow":"follow","max-snippet":"max-snippet:-1","max-image-preview":"max-image-preview:large","max-video-preview":"max-video-preview:-1"},"canonical":"https:\/\/efeghali.ca\/fr\/mortgages\/mortgage-professional-cost\/","og_locale":"fr_FR","og_type":"article","og_title":"QUEL EN EST LE CO\u00dbT - Xperto Hypoth\u00e8ques","og_description":"Contrairement aux institutions financi\u00e8res, les courtiers hypoth\u00e9caires travaillent pour vous, et ce, dans votre meilleur int\u00e9r\u00eat.","og_url":"https:\/\/efeghali.ca\/fr\/mortgages\/mortgage-professional-cost\/","og_site_name":"Xperto Hypoth\u00e8ques","article_modified_time":"2018-10-16T19:50:53+00:00","og_image":[{"width":723,"height":200,"url":"https:\/\/efeghali.ca\/wp-content\/uploads\/2016\/09\/how-much-does-it-cost.jpg","path":"\/var\/www\/sites\/wps\/sites\/code\/wp-content\/uploads\/2016\/09\/how-much-does-it-cost.jpg","size":"full","id":504,"alt":"","pixels":144600,"type":"image\/jpeg"}],"twitter_card":"summary","schema":{"@context":"https:\/\/schema.org","@graph":[{"@type":"Organization","@id":"https:\/\/efeghali.ca\/#organization","name":"Centres Hypoth\u00e9caires Dominion","url":"https:\/\/efeghali.ca\/","sameAs":[],"logo":{"@type":"ImageObject","@id":"https:\/\/efeghali.ca\/#logo","inLanguage":"fr-FR","url":"http:\/\/master.wps.dlcserver.com\/wp-content\/uploads\/2017\/01\/vector_DLC1.jpg","contentUrl":"http:\/\/master.wps.dlcserver.com\/wp-content\/uploads\/2017\/01\/vector_DLC1.jpg","width":369,"height":173,"caption":"Centres Hypoth\u00e9caires Dominion"},"image":{"@id":"https:\/\/efeghali.ca\/#logo"}},{"@type":"WebSite","@id":"https:\/\/efeghali.ca\/#website","url":"https:\/\/efeghali.ca\/","name":"Xperto Hypoth\u00e8ques","description":"Courtier Hypoth\u00e9caire","publisher":{"@id":"https:\/\/efeghali.ca\/#organization"},"potentialAction":[{"@type":"SearchAction","target":{"@type":"EntryPoint","urlTemplate":"https:\/\/efeghali.ca\/?s={search_term_string}"},"query-input":"required name=search_term_string"}],"inLanguage":"fr-FR"},{"@type":"ImageObject","@id":"https:\/\/efeghali.ca\/fr\/mortgages\/mortgage-professional-cost\/#primaryimage","inLanguage":"fr-FR","url":"https:\/\/efeghali.ca\/wp-content\/uploads\/2016\/09\/how-much-does-it-cost.jpg","contentUrl":"https:\/\/efeghali.ca\/wp-content\/uploads\/2016\/09\/how-much-does-it-cost.jpg","width":723,"height":200},{"@type":"WebPage","@id":"https:\/\/efeghali.ca\/fr\/mortgages\/mortgage-professional-cost\/#webpage","url":"https:\/\/efeghali.ca\/fr\/mortgages\/mortgage-professional-cost\/","name":"QUEL EN EST LE CO\u00dbT - Xperto Hypoth\u00e8ques","isPartOf":{"@id":"https:\/\/efeghali.ca\/#website"},"primaryImageOfPage":{"@id":"https:\/\/efeghali.ca\/fr\/mortgages\/mortgage-professional-cost\/#primaryimage"},"datePublished":"2016-09-13T18:53:48+00:00","dateModified":"2018-10-16T19:50:53+00:00","breadcrumb":{"@id":"https:\/\/efeghali.ca\/fr\/mortgages\/mortgage-professional-cost\/#breadcrumb"},"inLanguage":"fr-FR","potentialAction":[{"@type":"ReadAction","target":["https:\/\/efeghali.ca\/fr\/mortgages\/mortgage-professional-cost\/"]}]},{"@type":"BreadcrumbList","@id":"https:\/\/efeghali.ca\/fr\/mortgages\/mortgage-professional-cost\/#breadcrumb","itemListElement":[{"@type":"ListItem","position":1,"name":"Home","item":"https:\/\/efeghali.ca\/fr\/"},{"@type":"ListItem","position":2,"name":"Mortgages","item":"https:\/\/efeghali.ca\/fr\/mortgages\/"},{"@type":"ListItem","position":3,"name":"QUEL EN EST LE CO\u00dbT"}]}]}},"_links":{"self":[{"href":"https:\/\/efeghali.ca\/fr\/wp-json\/wp\/v2\/pages\/623"}],"collection":[{"href":"https:\/\/efeghali.ca\/fr\/wp-json\/wp\/v2\/pages"}],"about":[{"href":"https:\/\/efeghali.ca\/fr\/wp-json\/wp\/v2\/types\/page"}],"author":[{"embeddable":true,"href":"https:\/\/efeghali.ca\/fr\/wp-json\/wp\/v2\/users\/1"}],"replies":[{"embeddable":true,"href":"https:\/\/efeghali.ca\/fr\/wp-json\/wp\/v2\/comments?post=623"}],"version-history":[{"count":4,"href":"https:\/\/efeghali.ca\/fr\/wp-json\/wp\/v2\/pages\/623\/revisions"}],"predecessor-version":[{"id":1296,"href":"https:\/\/efeghali.ca\/fr\/wp-json\/wp\/v2\/pages\/623\/revisions\/1296"}],"up":[{"embeddable":true,"href":"https:\/\/efeghali.ca\/fr\/wp-json\/wp\/v2\/pages\/629"}],"wp:featuredmedia":[{"embeddable":true,"href":"https:\/\/efeghali.ca\/fr\/wp-json\/wp\/v2\/media\/504"}],"wp:attachment":[{"href":"https:\/\/efeghali.ca\/fr\/wp-json\/wp\/v2\/media?parent=623"}],"curies":[{"name":"wp","href":"https:\/\/api.w.org\/{rel}","templated":true}]}}